{"id":31213,"date":"2022-03-08T12:21:24","date_gmt":"2022-03-08T11:21:24","guid":{"rendered":"https:\/\/www.moregana.it\/moregana-in-citta\/"},"modified":"2023-04-03T18:29:11","modified_gmt":"2023-04-03T16:29:11","slug":"moregana-in-citta","status":"publish","type":"page","link":"https:\/\/citta.moregana.it\/en\/moregana-in-citta\/","title":{"rendered":"Moregana in Citt\u00e0"},"content":{"rendered":"<p><img decoding=\"async\" width=\"217\" height=\"123\" src=\"https:\/\/www.moregana.it\/wp-content\/uploads\/2022\/03\/moregana-much-more-augmented-reality-nuvole.png\" alt=\"\" loading=\"lazy\"><br \/>\n<img decoding=\"async\" width=\"217\" height=\"123\" src=\"https:\/\/www.moregana.it\/wp-content\/uploads\/2022\/03\/moregana-much-more-augmented-reality-nuvole.png\" alt=\"\" loading=\"lazy\"><br \/>\n<img decoding=\"async\" width=\"700\" height=\"606\" src=\"https:\/\/www.moregana.it\/wp-content\/uploads\/2022\/03\/moregana-much-more-augmented-reality-moregana-in-citta-occhio-sole.png\" alt=\"\" loading=\"lazy\" srcset=\"https:\/\/www.moregana.it\/wp-content\/uploads\/2022\/03\/moregana-much-more-augmented-reality-moregana-in-citta-occhio-sole.png 700w, https:\/\/www.moregana.it\/wp-content\/uploads\/2022\/03\/moregana-much-more-augmented-reality-moregana-in-citta-occhio-sole-300x260.png 300w, https:\/\/www.moregana.it\/wp-content\/uploads\/2022\/03\/moregana-much-more-augmented-reality-moregana-in-citta-occhio-sole-370x320.png 370w, https:\/\/www.moregana.it\/wp-content\/uploads\/2022\/03\/moregana-much-more-augmented-reality-moregana-in-citta-occhio-sole-410x355.png 410w\" sizes=\"auto, (max-width: 700px) 100vw, 700px\"><br \/>\nMoregana arriva in Citt\u00e0!<\/p>\n<h1>Moregana in citt\u00e0<\/h1>\n<p>La storia e la cultura dell\u2019Italia costituiscono una straordinaria attrazione per il turismo mondiale. Spesso sottovalutiamo ci\u00f2 che abbiamo sotto i nostri occhi e non immaginiamo la storia dietro piazze, statue, vicoli e scorci di paesaggio.<\/p>\n<p>Moregana svolge in Citt\u00e0 l\u2019arduo compito d&#8217;informare e promuovere il turismo, nonch\u00e9 riportare il valore artistico e culturale tra i cittadini, sensibilizzando maggiormente a custodire le bellezze attrattive locali. In maniera diretta e veloce, emozionante e coinvolgente come non \u00e8 mai stato prima, grazie alla tecnologia della Realt\u00e0 Aumentata. Non ci sono codici a barre o QRcode che interrompono l\u2019incantesimo del fascino artistico. Le immagini, i luoghi diventano interattivi ed espliciti completando l\u2019esperienza.<\/p>\n<p>Moregana in Citt\u00e0 assume diverse forme:<\/p>\n<p><img loading=\"lazy\" decoding=\"async\" src=\"\/\/www.moregana.it\/wp-content\/uploads\/2022\/03\/icon-moregana-much-more-augmented-reality-ar-tour.png\" alt=\"Icon\" width=\"70\" height=\"70\"><\/p>\n<h4>TOUR<\/h4>\n<p><img loading=\"lazy\" decoding=\"async\" src=\"\/\/www.moregana.it\/wp-content\/uploads\/2022\/03\/icon-moregana-much-more-augmented-reality-social.png\" alt=\"Icon\" width=\"70\" height=\"70\"><\/p>\n<h4>SOCIAL<\/h4>\n<p><img loading=\"lazy\" decoding=\"async\" src=\"\/\/www.moregana.it\/wp-content\/uploads\/2022\/03\/icon-moregana-much-more-augmented-reality-editoriale.png\" alt=\"Icon\" width=\"70\" height=\"70\"><\/p>\n<h4>EDITORIALE<\/h4>\n<p><!-- \/.sc_icons --><br \/>\n0Citt\u00e00Punti Tour0Curiosit\u00e00Partners<\/p>\n<h1>Citt\u00e0<\/h1>\n<p><button rel=\"next\" type=\"button\">Carica altre citt\u00e0<\/button>Presto nella tua citt\u00e0<\/p>\n","protected":false},"excerpt":{"rendered":"<p>Moregana arriva in Citt\u00e0! Moregana in citt\u00e0 La storia e la cultura dell\u2019Italia costituiscono una straordinaria attrazione per il turismo mondiale. Spesso sottovalutiamo ci\u00f2 che abbiamo sotto i nostri occhi&hellip;<\/p>\n","protected":false},"author":1,"featured_media":0,"parent":0,"menu_order":0,"comment_status":"closed","ping_status":"closed","template":"","meta":{"footnotes":""},"class_list":["post-31213","page","type-page","status-publish","hentry"],"acf":[],"yoast_head":"<!-- This site is optimized with the Yoast SEO Premium plugin v18.1 (Yoast SEO v19.10) - https:\/\/yoast.com\/wordpress\/plugins\/seo\/ -->\n<title>Moregana in Citt\u00e0 - Moregana - La Realt\u00e0 Aumentata<\/title>\n<meta name=\"robots\" content=\"index, follow, max-snippet:-1, max-image-preview:large, max-video-preview:-1\" \/>\n<link rel=\"canonical\" href=\"https:\/\/citta.moregana.it\/en\/moregana-in-citta\/\" \/>\n<meta property=\"og:locale\" content=\"en_US\" \/>\n<meta property=\"og:type\" content=\"article\" \/>\n<meta property=\"og:title\" content=\"Moregana in Citt\u00e0 - Moregana - La Realt\u00e0 Aumentata\" \/>\n<meta property=\"og:description\" content=\"Moregana arriva in Citt\u00e0! Moregana in citt\u00e0 La storia e la cultura dell\u2019Italia costituiscono una straordinaria attrazione per il turismo mondiale. Spesso sottovalutiamo ci\u00f2 che abbiamo sotto i nostri occhi&hellip;\" \/>\n<meta property=\"og:url\" content=\"https:\/\/citta.moregana.it\/en\/moregana-in-citta\/\" \/>\n<meta property=\"og:site_name\" content=\"Moregana - La Realt\u00e0 Aumentata\" \/>\n<meta property=\"article:modified_time\" content=\"2023-04-03T16:29:11+00:00\" \/>\n<meta property=\"og:image\" content=\"https:\/\/www.moregana.it\/wp-content\/uploads\/2022\/03\/moregana-much-more-augmented-reality-nuvole.png\" \/>\n<meta name=\"twitter:card\" content=\"summary_large_image\" \/>\n<meta name=\"twitter:label1\" content=\"Est. reading time\" \/>\n\t<meta name=\"twitter:data1\" content=\"2 minutes\" \/>\n<script type=\"application\/ld+json\" class=\"yoast-schema-graph\">{\"@context\":\"https:\/\/schema.org\",\"@graph\":[{\"@type\":\"WebPage\",\"@id\":\"https:\/\/citta.moregana.it\/en\/moregana-in-citta\/\",\"url\":\"https:\/\/citta.moregana.it\/en\/moregana-in-citta\/\",\"name\":\"Moregana in Citt\u00e0 - Moregana - La Realt\u00e0 Aumentata\",\"isPartOf\":{\"@id\":\"https:\/\/citta.moregana.it\/#website\"},\"datePublished\":\"2022-03-08T11:21:24+00:00\",\"dateModified\":\"2023-04-03T16:29:11+00:00\",\"inLanguage\":\"en-US\",\"potentialAction\":[{\"@type\":\"ReadAction\",\"target\":[\"https:\/\/citta.moregana.it\/en\/moregana-in-citta\/\"]}]},{\"@type\":\"WebSite\",\"@id\":\"https:\/\/citta.moregana.it\/#website\",\"url\":\"https:\/\/citta.moregana.it\/\",\"name\":\"Moregana - La Realt\u00e0 Aumentata\",\"description\":\"Much More Augmented Reality\",\"publisher\":{\"@id\":\"https:\/\/citta.moregana.it\/#organization\"},\"potentialAction\":[{\"@type\":\"SearchAction\",\"target\":{\"@type\":\"EntryPoint\",\"urlTemplate\":\"https:\/\/citta.moregana.it\/?s={search_term_string}\"},\"query-input\":\"required name=search_term_string\"}],\"inLanguage\":\"en-US\"},{\"@type\":\"Organization\",\"@id\":\"https:\/\/citta.moregana.it\/#organization\",\"name\":\"Moregana - La Realt\u00e0 Aumentata\",\"url\":\"https:\/\/citta.moregana.it\/\",\"logo\":{\"@type\":\"ImageObject\",\"inLanguage\":\"en-US\",\"@id\":\"https:\/\/citta.moregana.it\/#\/schema\/logo\/image\/\",\"url\":\"https:\/\/citta.moregana.it\/wp-content\/uploads\/2021\/09\/logo-moregana-much-more-augmented-reality-white.png\",\"contentUrl\":\"https:\/\/citta.moregana.it\/wp-content\/uploads\/2021\/09\/logo-moregana-much-more-augmented-reality-white.png\",\"width\":292,\"height\":81,\"caption\":\"Moregana - La Realt\u00e0 Aumentata\"},\"image\":{\"@id\":\"https:\/\/citta.moregana.it\/#\/schema\/logo\/image\/\"}}]}<\/script>\n<!-- \/ Yoast SEO Premium plugin. -->","yoast_head_json":{"title":"Moregana in Citt\u00e0 - Moregana - La Realt\u00e0 Aumentata","robots":{"index":"index","follow":"follow","max-snippet":"max-snippet:-1","max-image-preview":"max-image-preview:large","max-video-preview":"max-video-preview:-1"},"canonical":"https:\/\/citta.moregana.it\/en\/moregana-in-citta\/","og_locale":"en_US","og_type":"article","og_title":"Moregana in Citt\u00e0 - Moregana - La Realt\u00e0 Aumentata","og_description":"Moregana arriva in Citt\u00e0! Moregana in citt\u00e0 La storia e la cultura dell\u2019Italia costituiscono una straordinaria attrazione per il turismo mondiale. Spesso sottovalutiamo ci\u00f2 che abbiamo sotto i nostri occhi&hellip;","og_url":"https:\/\/citta.moregana.it\/en\/moregana-in-citta\/","og_site_name":"Moregana - La Realt\u00e0 Aumentata","article_modified_time":"2023-04-03T16:29:11+00:00","og_image":[{"url":"https:\/\/www.moregana.it\/wp-content\/uploads\/2022\/03\/moregana-much-more-augmented-reality-nuvole.png"}],"twitter_card":"summary_large_image","twitter_misc":{"Est. reading time":"2 minutes"},"schema":{"@context":"https:\/\/schema.org","@graph":[{"@type":"WebPage","@id":"https:\/\/citta.moregana.it\/en\/moregana-in-citta\/","url":"https:\/\/citta.moregana.it\/en\/moregana-in-citta\/","name":"Moregana in Citt\u00e0 - Moregana - La Realt\u00e0 Aumentata","isPartOf":{"@id":"https:\/\/citta.moregana.it\/#website"},"datePublished":"2022-03-08T11:21:24+00:00","dateModified":"2023-04-03T16:29:11+00:00","inLanguage":"en-US","potentialAction":[{"@type":"ReadAction","target":["https:\/\/citta.moregana.it\/en\/moregana-in-citta\/"]}]},{"@type":"WebSite","@id":"https:\/\/citta.moregana.it\/#website","url":"https:\/\/citta.moregana.it\/","name":"Moregana - La Realt\u00e0 Aumentata","description":"Much More Augmented Reality","publisher":{"@id":"https:\/\/citta.moregana.it\/#organization"},"potentialAction":[{"@type":"SearchAction","target":{"@type":"EntryPoint","urlTemplate":"https:\/\/citta.moregana.it\/?s={search_term_string}"},"query-input":"required name=search_term_string"}],"inLanguage":"en-US"},{"@type":"Organization","@id":"https:\/\/citta.moregana.it\/#organization","name":"Moregana - La Realt\u00e0 Aumentata","url":"https:\/\/citta.moregana.it\/","logo":{"@type":"ImageObject","inLanguage":"en-US","@id":"https:\/\/citta.moregana.it\/#\/schema\/logo\/image\/","url":"https:\/\/citta.moregana.it\/wp-content\/uploads\/2021\/09\/logo-moregana-much-more-augmented-reality-white.png","contentUrl":"https:\/\/citta.moregana.it\/wp-content\/uploads\/2021\/09\/logo-moregana-much-more-augmented-reality-white.png","width":292,"height":81,"caption":"Moregana - La Realt\u00e0 Aumentata"},"image":{"@id":"https:\/\/citta.moregana.it\/#\/schema\/logo\/image\/"}}]}},"_links":{"self":[{"href":"https:\/\/citta.moregana.it\/en\/wp-json\/wp\/v2\/pages\/31213","targetHints":{"allow":["GET"]}}],"collection":[{"href":"https:\/\/citta.moregana.it\/en\/wp-json\/wp\/v2\/pages"}],"about":[{"href":"https:\/\/citta.moregana.it\/en\/wp-json\/wp\/v2\/types\/page"}],"author":[{"embeddable":true,"href":"https:\/\/citta.moregana.it\/en\/wp-json\/wp\/v2\/users\/1"}],"replies":[{"embeddable":true,"href":"https:\/\/citta.moregana.it\/en\/wp-json\/wp\/v2\/comments?post=31213"}],"version-history":[{"count":1,"href":"https:\/\/citta.moregana.it\/en\/wp-json\/wp\/v2\/pages\/31213\/revisions"}],"predecessor-version":[{"id":36243,"href":"https:\/\/citta.moregana.it\/en\/wp-json\/wp\/v2\/pages\/31213\/revisions\/36243"}],"wp:attachment":[{"href":"https:\/\/citta.moregana.it\/en\/wp-json\/wp\/v2\/media?parent=31213"}],"curies":[{"name":"wp","href":"https:\/\/api.w.org\/{rel}","templated":true}]}}